{"id":13,"date":"2022-08-01T16:21:59","date_gmt":"2022-08-01T19:21:59","guid":{"rendered":"https:\/\/eventos.acirs.com.br\/lgpd\/\/?page_id=13"},"modified":"2022-10-17T09:29:53","modified_gmt":"2022-10-17T12:29:53","slug":"politica-de-cookies","status":"publish","type":"page","link":"https:\/\/eventos.acirs.com.br\/lgpd\/politica-de-cookies\/","title":{"rendered":"Pol\u00edtica de cookies"},"content":{"rendered":"<p><b>I. O que s\u00e3o cookies?<\/b><\/p>\n<p><span style=\"font-weight: 400;\">Cookies s\u00e3o pequenos arquivos que s\u00e3o baixados no seu computador para melhorar a sua experi\u00eancia no site.<\/span><\/p>\n<p><span style=\"font-weight: 400;\">Existem milh\u00f5es de tipos diferentes de cookies, os quais podem ser organizados em v\u00e1rios grupos em raz\u00e3o da fun\u00e7\u00e3o que eles executam. Temos por exemplo:<\/span><\/p>\n<p><b>\u00a0a) Cookies necess\u00e1rios\/obrigat\u00f3rios:<\/b><span style=\"font-weight: 400;\"> S\u00e3o cookies absolutamente necess\u00e1rios para que o site funcione. Esses cookies n\u00e3o coletam nenhuma informa\u00e7\u00e3o que possa ser relacionada a voc\u00ea. O armazenamento deles dura somente o tempo da dura\u00e7\u00e3o da sess\u00e3o em nosso site. Como n\u00e3o ocorre coleta de dados, n\u00f3s podemos usar este cookies sem o seu consentimento;<\/span><\/p>\n<p><b>b) Cookies originais:<\/b><span style=\"font-weight: 400;\"> S\u00e3o aqueles que n\u00e3o s\u00e3o totalmente necess\u00e1rios para o funcionamento do nosso site. Por\u00e9m, eles causam uma grande melhora no funcionamento do site. Esses cookies permitem que as configura\u00e7\u00f5es escolhidas por voc\u00ea, como a sele\u00e7\u00e3o de idioma, por exemplo, sejam salvas e voc\u00ea n\u00e3o precise ficar alterando o idioma a cada novo acesso;<\/span><\/p>\n<p><b>c) Cookies de performance:<\/b><span style=\"font-weight: 400;\"> Estes cookies armazenam informa\u00e7\u00f5es sobre o modo como voc\u00ea utiliza nosso site, como por exemplo, qual a p\u00e1gina que voc\u00ea acessa com mais frequ\u00eancia, ou ainda, se todas as mensagens relacionadas \u00e0 informa\u00e7\u00f5es que voc\u00ea precisa, realmente aparecem para voc\u00ea. N\u00e3o ocorre o armazenamento de nenhuma outra informa\u00e7\u00e3o. O objetivo \u00e9 aumentar a facilidade de uso. Como a informa\u00e7\u00e3o \u00e9 armazenada apenas em forma an\u00f4nima, n\u00e3o existe qualquer risco para voc\u00ea;<\/span><\/p>\n<p><b>d) Cookies de terceiros (anal\u00edticos): <\/b><span style=\"font-weight: 400;\">S\u00e3o cookies de outras empresas que podem guardar informa\u00e7\u00f5es sobre voc\u00ea como usu\u00e1rio para identific\u00e1-lo quando voc\u00ea visitar nosso site, ou ainda, melhorar o desempenho do site e fazer an\u00e1lises para fins estat\u00edsticos. Estes cookies podem ser desabilitados por voc\u00ea, por\u00e9m pode ocorrer a redu\u00e7\u00e3o da experi\u00eancia completa que nosso site proporciona;<\/span><\/p>\n<p><b>e) Cookies de publicidade\/marketing:<\/b><span style=\"font-weight: 400;\"> S\u00e3o utilizados \u200b\u200bpara apresentar a voc\u00ea conte\u00fados de publicidade relevantes e adaptados \u00e0s suas prefer\u00eancias. Eles tamb\u00e9m s\u00e3o usados \u200b\u200bpara determinar com que frequ\u00eancia aparece um an\u00fancio e a efic\u00e1cia de uma campanha publicit\u00e1ria. Estes cookies podem ser desabilitados por voc\u00ea, por\u00e9m pode ocorrer a redu\u00e7\u00e3o da experi\u00eancia completa que nosso site proporciona.<\/span><\/p>\n<p><span style=\"font-weight: 400;\">Nos cap\u00edtulos seguintes, descrevemos quais tipos de cookies usamos e quais informa\u00e7\u00f5es coletamos no uso destes cookies.<\/span><\/p>\n<p><span style=\"font-weight: 400;\">Tamb\u00e9m vamos explicar para voc\u00ea como usamos estas informa\u00e7\u00f5es e por que algumas vezes precisamos armazenar esses cookies.<\/span><\/p>\n<p><span style=\"font-weight: 400;\">\u00c9 importante deixar claro que alguns cookies, como dito acima, fazem parte do funcionamento do site, ent\u00e3o s\u00e3o obrigat\u00f3rios, por\u00e9m, voc\u00ea pode impedir que outros cookies sejam utilizados, no entanto, isso pode prejudicar certos elementos da funcionalidade do site.<\/span><\/p>\n<p>&nbsp;<\/p>\n<p><b>II. Como a ACIRS usa cookies?<\/b><\/p>\n<p><span style=\"font-weight: 400;\">Utilizamos cookies por v\u00e1rios motivos. Infelizmente, na maioria dos casos, n\u00e3o existem op\u00e7\u00f5es padr\u00e3o do setor para desativar os cookies sem desativar completamente a funcionalidade e os recursos que eles adicionam a este site. \u00c9 recomend\u00e1vel que voc\u00ea deixe todos os cookies se n\u00e3o tiver certeza se precisa ou n\u00e3o deles, caso sejam usados para fornecer um servi\u00e7o que voc\u00ea usa.<\/span><\/p>\n<p><b>1. Cookies que a ACIRS utiliza:<\/b><\/p>\n<p><span style=\"font-weight: 400;\">a) Cookies relacionados \u00e0 conta<\/span><\/p>\n<p><span style=\"font-weight: 400;\">Se voc\u00ea criar uma conta conosco, usaremos cookies para o gerenciamento do processo de inscri\u00e7\u00e3o e administra\u00e7\u00e3o geral. Esses cookies geralmente ser\u00e3o exclu\u00eddos quando voc\u00ea sair do sistema, por\u00e9m, em alguns casos, eles poder\u00e3o permanecer posteriormente para lembrar as prefer\u00eancias do seu site ao sair;<\/span><\/p>\n<p><span style=\"font-weight: 400;\">b) Cookies relacionados ao login<\/span><\/p>\n<p><span style=\"font-weight: 400;\">Utilizamos cookies quando voc\u00ea est\u00e1 logado, para que possamos lembrar dessa a\u00e7\u00e3o. Isso evita que voc\u00ea precise fazer login sempre que visitar uma nova p\u00e1gina. Esses cookies s\u00e3o normalmente removidos ou limpos quando voc\u00ea efetua logout para garantir que voc\u00ea possa acessar apenas a recursos e \u00e1reas restritas ao efetuar login;<\/span><\/p>\n<p><span style=\"font-weight: 400;\">c) Cookies relacionados a boletins por e-mail<\/span><\/p>\n<p><span style=\"font-weight: 400;\">Este site oferece servi\u00e7os de assinatura de boletim informativo ou e-mail e os cookies podem ser usados para lembrar se voc\u00ea j\u00e1 est\u00e1 registrado e se deve mostrar determinadas notifica\u00e7\u00f5es v\u00e1lidas apenas para usu\u00e1rios inscritos\/n\u00e3o inscritos;<\/span><\/p>\n<p><span style=\"font-weight: 400;\">d) Pedidos processando cookies relacionados<\/span><\/p>\n<p><span style=\"font-weight: 400;\">Este site oferece facilidades de com\u00e9rcio eletr\u00f4nico ou pagamento e alguns cookies s\u00e3o essenciais para garantir que seu pedido seja lembrado entre as p\u00e1ginas, para que possamos process\u00e1-lo adequadamente;<\/span><\/p>\n<p><span style=\"font-weight: 400;\">e) Cookies relacionados a pesquisas<\/span><span style=\"font-weight: 400;\"><br \/>\n<\/span><span style=\"font-weight: 400;\">Periodicamente, oferecemos pesquisas e question\u00e1rios para fornecer informa\u00e7\u00f5es interessantes, ferramentas \u00fateis ou para entender nossa base de usu\u00e1rios com mais precis\u00e3o. Essas pesquisas podem usar cookies para lembrar quem j\u00e1 participou numa pesquisa ou para fornecer resultados precisos ap\u00f3s a altera\u00e7\u00e3o das p\u00e1ginas;<\/span><\/p>\n<p><span style=\"font-weight: 400;\">f) Cookies relacionados a formul\u00e1rios<\/span><\/p>\n<p><span style=\"font-weight: 400;\">Quando voc\u00ea envia dados por meio de um formul\u00e1rio como os encontrados nas p\u00e1ginas de contato ou nos formul\u00e1rios de coment\u00e1rios, os cookies podem ser configurados para lembrar os detalhes do usu\u00e1rio para correspond\u00eancia futura;<\/span><\/p>\n<p><span style=\"font-weight: 400;\">g) Cookies de prefer\u00eancias do site<\/span><\/p>\n<p><span style=\"font-weight: 400;\">Para proporcionar uma \u00f3tima experi\u00eancia neste site, fornecemos a funcionalidade para definir suas prefer\u00eancias de como esse site \u00e9 executado quando voc\u00ea o usa. Para lembrar suas prefer\u00eancias, precisamos definir cookies para que essas informa\u00e7\u00f5es possam ser chamadas sempre que voc\u00ea interagir com uma p\u00e1gina for afetada por suas prefer\u00eancias;<\/span><\/p>\n<p><b>2. Cookies de Terceiros<\/b><\/p>\n<p><span style=\"font-weight: 400;\">Em alguns casos especiais, tamb\u00e9m usamos cookies fornecidos por terceiros confi\u00e1veis. A se\u00e7\u00e3o a seguir detalha quais cookies de terceiros voc\u00ea pode encontrar atrav\u00e9s deste site.<\/span><\/p>\n<p><span style=\"font-weight: 400;\">a) Este site usa o Google Analytics, que \u00e9 uma das solu\u00e7\u00f5es de an\u00e1lise mais difundidas e confi\u00e1veis da Web, para nos ajudar a entender como voc\u00ea usa o site e como podemos melhorar sua experi\u00eancia. Esses cookies podem rastrear itens como quanto tempo voc\u00ea gasta no site e as p\u00e1ginas visitadas, para que possamos continuar produzindo conte\u00fado atraente.<\/span><\/p>\n<p><span style=\"font-weight: 400;\">Para mais informa\u00e7\u00f5es sobre cookies do Google Analytics, consulte a p\u00e1gina oficial do Google Analytics.<\/span><\/p>\n<p><span style=\"font-weight: 400;\">b) As an\u00e1lises de terceiros s\u00e3o usadas para rastrear e medir o uso deste site, para que possamos continuar produzindo conte\u00fado atrativo. Esses cookies podem rastrear itens como o tempo que voc\u00ea passa no site ou as p\u00e1ginas visitadas, o que nos ajuda a entender como podemos melhorar o site para voc\u00ea.<\/span><\/p>\n<p><span style=\"font-weight: 400;\">c) Periodicamente, testamos novos recursos e fazemos altera\u00e7\u00f5es subtis na maneira como o site se apresenta. Quando ainda estamos testando novos recursos, esses cookies podem ser usados para garantir que voc\u00ea receba uma experi\u00eancia consistente enquanto estiver no site, enquanto entendemos quais otimiza\u00e7\u00f5es os nossos usu\u00e1rios mais apreciam.<\/span><\/p>\n<p><span style=\"font-weight: 400;\">d) \u00c0 medida que vendemos produtos, \u00e9 importante entendermos as estat\u00edsticas sobre quantos visitantes de nosso site realmente compram e, portanto, esse \u00e9 o tipo de dados que esses cookies rastrear\u00e3o. Isso \u00e9 importante para voc\u00ea, pois significa que podemos fazer previs\u00f5es de neg\u00f3cios com precis\u00e3o que nos permitem analisar nossos custos de publicidade e produtos para garantir o melhor pre\u00e7o poss\u00edvel.<\/span><\/p>\n<p><b>2. Desativar cookies<\/b><\/p>\n<p><span style=\"font-weight: 400;\">Voc\u00ea pode impedir a configura\u00e7\u00e3o de cookies ajustando as configura\u00e7\u00f5es do seu navegador (consulte a Ajuda do navegador para saber como fazer isso). Esteja ciente de que a desativa\u00e7\u00e3o de cookies afetar\u00e1 a funcionalidade deste e de muitos outros sites que voc\u00ea visita. A desativa\u00e7\u00e3o de cookies geralmente resultar\u00e1 na desativa\u00e7\u00e3o de determinadas funcionalidades e recursos deste site. Portanto, \u00e9 recomend\u00e1vel que voc\u00ea n\u00e3o desative os cookies.<\/span><\/p>\n<p><b>III . Mais informa\u00e7\u00f5es<\/b><\/p>\n<p><span style=\"font-weight: 400;\">Esperamos que voc\u00ea tenha esclarecido suas d\u00favidas e, como mencionado anteriormente, se houver algo que voc\u00ea n\u00e3o tem certeza se precisa ou n\u00e3o, geralmente \u00e9 mais seguro deixar os cookies ativados.<\/span><\/p>\n<p><span style=\"font-weight: 400;\">Para mais informa\u00e7\u00f5es relacionadas aos seus dados pessoais, consulte a nossa Pol\u00edtica de Privacidade e Prote\u00e7\u00e3o de Dados ou entre em contato com nosso Encarregado de Prote\u00e7\u00e3o de Dados no nosso Canal de Comunica\u00e7\u00e3o com o Titular.<\/span><\/p>\n","protected":false},"excerpt":{"rendered":"<p>I. O que s\u00e3o cookies? Cookies s\u00e3o pequenos arquivos que s\u00e3o baixados no seu computador para melhorar a sua experi\u00eancia no site. Existem milh\u00f5es de tipos diferentes de cookies, os quais podem s ...","protected":false},"author":1,"featured_media":0,"parent":0,"menu_order":0,"comment_status":"closed","ping_status":"closed","template":"template-politicas.php","meta":[],"yoast_head":"<!-- This site is optimized with the Yoast SEO plugin v19.5.1 - https:\/\/yoast.com\/wordpress\/plugins\/seo\/ -->\n<title>Pol\u00edtica de cookies - Portal de eventos<\/title>\n<meta name=\"robots\" content=\"index, follow, max-snippet:-1, max-image-preview:large, max-video-preview:-1\" \/>\n<link rel=\"canonical\" href=\"https:\/\/eventos.acirs.com.br\/lgpd\/politica-de-cookies\/\" \/>\n<meta property=\"og:locale\" content=\"pt_BR\" \/>\n<meta property=\"og:type\" content=\"article\" \/>\n<meta property=\"og:title\" content=\"Pol\u00edtica de cookies - Portal de eventos\" \/>\n<meta property=\"og:description\" content=\"I. O que s\u00e3o cookies? Cookies s\u00e3o pequenos arquivos que s\u00e3o baixados no seu computador para melhorar a sua experi\u00eancia no site. Existem milh\u00f5es de tipos diferentes de cookies, os quais podem ser organizados em v\u00e1rios grupos em raz\u00e3o da fun\u00e7\u00e3o que eles executam. Temos por exemplo: \u00a0a) Cookies necess\u00e1rios\/obrigat\u00f3rios: S\u00e3o cookies absolutamente necess\u00e1rios paraLer mais\" \/>\n<meta property=\"og:url\" content=\"https:\/\/eventos.acirs.com.br\/lgpd\/politica-de-cookies\/\" \/>\n<meta property=\"og:site_name\" content=\"Portal de eventos\" \/>\n<meta property=\"article:modified_time\" content=\"2022-10-17T12:29:53+00:00\" \/>\n<meta name=\"twitter:card\" content=\"summary_large_image\" \/>\n<meta name=\"twitter:label1\" content=\"Est. tempo de leitura\" \/>\n\t<meta name=\"twitter:data1\" content=\"7 minutos\" \/>\n<script type=\"application\/ld+json\" class=\"yoast-schema-graph\">{\"@context\":\"https:\/\/schema.org\",\"@graph\":[{\"@type\":\"WebPage\",\"@id\":\"https:\/\/eventos.acirs.com.br\/lgpd\/politica-de-cookies\/\",\"url\":\"https:\/\/eventos.acirs.com.br\/lgpd\/politica-de-cookies\/\",\"name\":\"Pol\u00edtica de cookies - Portal de eventos\",\"isPartOf\":{\"@id\":\"https:\/\/eventos.acirs.com.br\/lgpd\/#website\"},\"datePublished\":\"2022-08-01T19:21:59+00:00\",\"dateModified\":\"2022-10-17T12:29:53+00:00\",\"breadcrumb\":{\"@id\":\"https:\/\/eventos.acirs.com.br\/lgpd\/politica-de-cookies\/#breadcrumb\"},\"inLanguage\":\"pt-BR\",\"potentialAction\":[{\"@type\":\"ReadAction\",\"target\":[\"https:\/\/eventos.acirs.com.br\/lgpd\/politica-de-cookies\/\"]}]},{\"@type\":\"BreadcrumbList\",\"@id\":\"https:\/\/eventos.acirs.com.br\/lgpd\/politica-de-cookies\/#breadcrumb\",\"itemListElement\":[{\"@type\":\"ListItem\",\"position\":1,\"name\":\"In\u00edcio\",\"item\":\"https:\/\/eventos.acirs.com.br\/lgpd\/\"},{\"@type\":\"ListItem\",\"position\":2,\"name\":\"Pol\u00edtica de cookies\"}]},{\"@type\":\"WebSite\",\"@id\":\"https:\/\/eventos.acirs.com.br\/lgpd\/#website\",\"url\":\"https:\/\/eventos.acirs.com.br\/lgpd\/\",\"name\":\"Portal de eventos\",\"description\":\"P\u00e1gina de pol\u00edtica de dados\",\"potentialAction\":[{\"@type\":\"SearchAction\",\"target\":{\"@type\":\"EntryPoint\",\"urlTemplate\":\"https:\/\/eventos.acirs.com.br\/lgpd\/?s={search_term_string}\"},\"query-input\":\"required name=search_term_string\"}],\"inLanguage\":\"pt-BR\"}]}<\/script>\n<!-- \/ Yoast SEO plugin. -->","yoast_head_json":{"title":"Pol\u00edtica de cookies - Portal de eventos","robots":{"index":"index","follow":"follow","max-snippet":"max-snippet:-1","max-image-preview":"max-image-preview:large","max-video-preview":"max-video-preview:-1"},"canonical":"https:\/\/eventos.acirs.com.br\/lgpd\/politica-de-cookies\/","og_locale":"pt_BR","og_type":"article","og_title":"Pol\u00edtica de cookies - Portal de eventos","og_description":"I. O que s\u00e3o cookies? Cookies s\u00e3o pequenos arquivos que s\u00e3o baixados no seu computador para melhorar a sua experi\u00eancia no site. Existem milh\u00f5es de tipos diferentes de cookies, os quais podem ser organizados em v\u00e1rios grupos em raz\u00e3o da fun\u00e7\u00e3o que eles executam. Temos por exemplo: \u00a0a) Cookies necess\u00e1rios\/obrigat\u00f3rios: S\u00e3o cookies absolutamente necess\u00e1rios paraLer mais","og_url":"https:\/\/eventos.acirs.com.br\/lgpd\/politica-de-cookies\/","og_site_name":"Portal de eventos","article_modified_time":"2022-10-17T12:29:53+00:00","twitter_card":"summary_large_image","twitter_misc":{"Est. tempo de leitura":"7 minutos"},"schema":{"@context":"https:\/\/schema.org","@graph":[{"@type":"WebPage","@id":"https:\/\/eventos.acirs.com.br\/lgpd\/politica-de-cookies\/","url":"https:\/\/eventos.acirs.com.br\/lgpd\/politica-de-cookies\/","name":"Pol\u00edtica de cookies - Portal de eventos","isPartOf":{"@id":"https:\/\/eventos.acirs.com.br\/lgpd\/#website"},"datePublished":"2022-08-01T19:21:59+00:00","dateModified":"2022-10-17T12:29:53+00:00","breadcrumb":{"@id":"https:\/\/eventos.acirs.com.br\/lgpd\/politica-de-cookies\/#breadcrumb"},"inLanguage":"pt-BR","potentialAction":[{"@type":"ReadAction","target":["https:\/\/eventos.acirs.com.br\/lgpd\/politica-de-cookies\/"]}]},{"@type":"BreadcrumbList","@id":"https:\/\/eventos.acirs.com.br\/lgpd\/politica-de-cookies\/#breadcrumb","itemListElement":[{"@type":"ListItem","position":1,"name":"In\u00edcio","item":"https:\/\/eventos.acirs.com.br\/lgpd\/"},{"@type":"ListItem","position":2,"name":"Pol\u00edtica de cookies"}]},{"@type":"WebSite","@id":"https:\/\/eventos.acirs.com.br\/lgpd\/#website","url":"https:\/\/eventos.acirs.com.br\/lgpd\/","name":"Portal de eventos","description":"P\u00e1gina de pol\u00edtica de dados","potentialAction":[{"@type":"SearchAction","target":{"@type":"EntryPoint","urlTemplate":"https:\/\/eventos.acirs.com.br\/lgpd\/?s={search_term_string}"},"query-input":"required name=search_term_string"}],"inLanguage":"pt-BR"}]}},"acf":[],"_links":{"self":[{"href":"https:\/\/eventos.acirs.com.br\/lgpd\/wp-json\/wp\/v2\/pages\/13"}],"collection":[{"href":"https:\/\/eventos.acirs.com.br\/lgpd\/wp-json\/wp\/v2\/pages"}],"about":[{"href":"https:\/\/eventos.acirs.com.br\/lgpd\/wp-json\/wp\/v2\/types\/page"}],"author":[{"embeddable":true,"href":"https:\/\/eventos.acirs.com.br\/lgpd\/wp-json\/wp\/v2\/users\/1"}],"replies":[{"embeddable":true,"href":"https:\/\/eventos.acirs.com.br\/lgpd\/wp-json\/wp\/v2\/comments?post=13"}],"version-history":[{"count":11,"href":"https:\/\/eventos.acirs.com.br\/lgpd\/wp-json\/wp\/v2\/pages\/13\/revisions"}],"predecessor-version":[{"id":138,"href":"https:\/\/eventos.acirs.com.br\/lgpd\/wp-json\/wp\/v2\/pages\/13\/revisions\/138"}],"wp:attachment":[{"href":"https:\/\/eventos.acirs.com.br\/lgpd\/wp-json\/wp\/v2\/media?parent=13"}],"curies":[{"name":"wp","href":"https:\/\/api.w.org\/{rel}","templated":true}]}}